{"id":106,"date":"2025-02-10T16:35:54","date_gmt":"2025-02-10T15:35:54","guid":{"rendered":"https:\/\/plac.swierklaniec.pl\/index.php\/deklaracja-dostepnosci\/"},"modified":"2026-03-30T09:03:54","modified_gmt":"2026-03-30T07:03:54","slug":"deklaracja-dostepnosci","status":"publish","type":"page","link":"https:\/\/plac.swierklaniec.pl\/index.php\/deklaracja-dostepnosci\/","title":{"rendered":"Deklaracja dost\u0119pno\u015bci"},"content":{"rendered":"\n\t<div class=\"wp-block-wafelmedia-deklaracja-dostepnosci is-layout-flow wp-block-wafelmedia-deklaracja-dostepnosci-is-layout-flow\">\n                    <h1>Deklaracja dost\u0119pno\u015bci<\/h1>\n        \n        <section id=\"a11y-wstep\">\n            <h2 class=\"screen-reader-text\">Przygotowanie deklaracji dost\u0119pno\u015bci<\/h2>\n            <p><span id=\"a11y-podmiot\"><strong>Urz\u0105d Gminy \u015awierklaniec<\/strong><\/span> zobowi\u0105zuje si\u0119 zapewni\u0107 dost\u0119pno\u015b\u0107 swojej <span id=\"a11y-zakres\"><strong>strony internetowej<\/strong><\/span> zgodnie z przepisami ustawy z dnia 4&nbsp;kwietnia 2019&nbsp;r. o&nbsp;dost\u0119pno\u015bci cyfrowej stron internetowych i&nbsp;aplikacji mobilnych podmiot\u00f3w publicznych.<\/p>\n            <p>Deklaracja dost\u0119pno\u015bci dotyczy strony internetowej <a id=\"a11y-url\" href=\"http:\/\/plac.swierklaniec.pl\">placu zabaw w \u015awierkla\u0144cu.<\/a>.<\/p>\n        <\/section>\n\n        <ul>\n            <li>Data publikacji strony internetowej: <time id=\"a11y-data-publikacja\" datetime=\"2024-05-15\">15 maja 2024 r.<\/time><\/li>\n            <li>Data ostatniej istotnej aktualizacji: <time id=\"a11y-data-aktualizacja\" datetime=\"2025-02-10\">10 lutego 2025 r.<\/time><\/li>\n        <\/ul>\n\n        <h2>Stan dost\u0119pno\u015bci cyfrowej<\/h2>\n        <p id=\"a11y-status\">Ta strona internetowa jest <strong>w pe\u0142ni zgodna<\/strong> z za\u0142\u0105cznikiem do ustawy o dost\u0119pno\u015bci cyfrowej z dnia 4 kwietnia 2019 r. o dost\u0119pno\u015bci cyfrowej stron internetowych i aplikacji mobilnych podmiot\u00f3w publicznych.<\/p>\n\n        \n        <h3>Przygotowanie deklaracji dost\u0119pno\u015bci i jej aktualizacja<\/h3>\n        <ul>\n            <li>Data sporz\u0105dzenia deklaracji: <time id=\"a11y-data-sporzadzenie\" datetime=\"2026-03-30\">30 marca 2026 r.<\/time><\/li>\n            <li>Data ostatniego przegl\u0105du deklaracji: <time id=\"a11y-data-przeglad\" datetime=\"2026-03-30\">30 marca 2026 r.<\/time><\/li>\n        <\/ul>\n\n                    <p>\n                Deklaracj\u0119 sporz\u0105dzili\u015bmy na podstawie samooceny w oparciu o\n                <a href=\"https:\/\/www.gov.pl\/attachment\/1a3e2bb5-6d60-4897-ac2f-07a8e91e70ed\">\n                    List\u0119 kontroln\u0105 do badania dost\u0119pno\u015bci cyfrowej strony internetowej v. 2.2 (docx, 0,12MB)\n                <\/a>.\n            <\/p>\n\n            <p>\n                Raport z audytu:\n                                    brak\n                            <\/p>\n        \n        \n        \n        \n            \n            \n        \n        <h2>Informacje zwrotne i dane kontaktowe<\/h2>\n        <p>Wszystkie problemy z dost\u0119pno\u015bci\u0105 cyfrow\u0105 tej strony internetowej mo\u017cesz zg\u0142osi\u0107 do <strong><span id=\"a11y-kontakt\"><\/span>, <\/strong>mejlowo <span id=\"a11y-email\"><a href=\"mailto:\"><\/a><\/span> lub telefonicznie <a href=\"tel:+\" id=\"a11y-telefon\"><\/a><\/strong><\/p>\n        <p>Ka\u017cdy ma prawo wyst\u0105pi\u0107 z \u017c\u0105daniem zapewnienia dost\u0119pno\u015bci cyfrowej tej strony internetowej lub jej element\u00f3w.<\/p>\n        <p>Zg\u0142aszaj\u0105c takie \u017c\u0105danie podaj:<\/p>\n        <ul>\n            <li>swoje imi\u0119 i nazwisko,<\/li>\n            <li>swoje dane kontaktowe (np. numer telefonu, e-mail),<\/li>\n            <li>dok\u0142adny adres strony internetowej, na kt\u00f3rej jest niedost\u0119pny cyfrowo element lub tre\u015b\u0107,<\/li>\n            <li>opis na czym polega problem i jaki spos\u00f3b jego rozwi\u0105zania by\u0142by dla Ciebie najwygodniejszy.<\/li>\n        <\/ul>\n        <p>Na Twoje zg\u0142oszenie odpowiemy najszybciej jak to mo\u017cliwe, nie p\u00f3\u017aniej ni\u017c w ci\u0105gu 7 dni od jego otrzymania.<\/p>\n        <p>Je\u017celi ten termin b\u0119dzie dla nas zbyt kr\u00f3tki poinformujemy Ci\u0119 o tym. W tej informacji podamy nowy termin, do kt\u00f3rego poprawimy zg\u0142oszone przez Ciebie b\u0142\u0119dy lub przygotujemy informacje w alternatywny spos\u00f3b. Ten nowy termin nie b\u0119dzie d\u0142u\u017cszy ni\u017c 2 miesi\u0105ce.<\/p>\n        <p>Je\u017celi nie b\u0119dziemy w stanie zapewni\u0107 dost\u0119pno\u015bci cyfrowej strony internetowej lub tre\u015bci, wskazanej w Twoim \u017c\u0105daniu, zaproponujemy Ci dost\u0119p do nich w alternatywny spos\u00f3b.<\/p>\n\n        <section id=\"a11y-procedura\">\n            <h3>Obs\u0142uga wniosk\u00f3w i skarg zwi\u0105zanych z dost\u0119pno\u015bci\u0105<\/h3>\n            <p>Je\u017celi w odpowiedzi na Tw\u00f3j wniosek o zapewnienie dost\u0119pno\u015bci cyfrowej, odm\u00f3wimy zapewnienia \u017c\u0105danej przez Ciebie dost\u0119pno\u015bci cyfrowej, a Ty nie zgadzasz si\u0119 z t\u0105 odmow\u0105, masz prawo z\u0142o\u017cy\u0107 skarg\u0119.<\/p>\n            <p>Skarg\u0119 masz prawo z\u0142o\u017cy\u0107 tak\u017ce, je\u015bli nie zgadzasz si\u0119 na skorzystanie z alternatywnego sposobu dost\u0119pu, kt\u00f3ry zaproponowali\u015bmy Ci w odpowiedzi na Tw\u00f3j wniosek o zapewnienie dost\u0119pno\u015bci cyfrowej.<\/p>\n            <p>Ewentualn\u0105 skarg\u0119 z\u0142\u00f3\u017c listownie lub mailem do kierownictwa naszego urz\u0119du:<\/p>\n                            <ul>\n                                        <li>Adres: Skargi prosimy kierowa\u0107 do Urz\u0119du Gminy w \u015awierkla\u0144cu:  pisemnie na adres: Urz\u0105d Gminy \u015awierklaniec ul. M\u0142y\u0144ska 3, 42-622 \u015awierklaniec,  bezpo\u015brednio w kancelarii urz\u0119du w godzinach pracy urz\u0119du,  poczt\u0105 elektroniczn\u0105 na adres kancelaria@ugswierklaniec.pl,  telefonicznie \u2013 numer telefonu 32 284 74 00.  Mo\u017cna te\u017c skontaktowa\u0107 si\u0119 z Biurem Rzecznika Praw Obywatelskich i zwr\u00f3ci\u0107 si\u0119 do Rzecznika, aby podj\u0105\u0142 interwencj\u0119 w danej sprawie. Link do strony internetowej Rzecznika Praw Obywatelskich (strona otworzy si\u0119 w tym samym oknie): https:\/\/bip.brpo.gov.pl\/pl,<\/li>                                         <li>mejl: <a href=\"mailto:Barbra%20Dro\u017adziel%20-%20barbara.drozdziel@ugswierklaniec.pl\"> Barbra Dro\u017adziel &#8211; barbara.drozdziel@ugswierklaniec.pl<\/a>.<\/li>                <\/ul>\n            \n            <p><a href=\"https:\/\/www.gov.pl\/web\/gov\/zloz-wniosek-o-zapewnienie-dostepnosci-cyfrowej-strony-internetowej-lub-aplikacji-mobilnej\">Pomocne mog\u0105 by\u0107 informacje, kt\u00f3re mo\u017cna znale\u017a\u0107 na rz\u0105dowym portalu gov.pl<\/a>.<\/p>\n\n            <p>Mo\u017cesz tak\u017ce poinformowa\u0107 o tej sytuacji <a href=\"https:\/\/bip.brpo.gov.pl\/\"> Rzecznika Praw Obywatelskich<\/a> i poprosi\u0107 o interwencj\u0119 w Twojej sprawie.<\/p>\n        <\/section>\n\n\n                <h2>Pozosta\u0142e informacje<\/h2>\n        \n                <section id=\"a11y-architektura\">\n            <h3>Dost\u0119pno\u015b\u0107 architektoniczna<\/h3>\n\n            \n                                <div class=\"group\">\n                                                    <h4>Urz\u0105d Gminy \u015awierklaniec, ul. M\u0142y\u0144ska 3, 42-622 \u015awierklaniec<\/h4>\n                        \n                        \n                                            <\/div>\n                            <\/section>\n        \n        \n        \n        <div class=\"copyright\">Wygenerowano przy u\u017cyciu: <a href=\"https:\/\/wafelmedia.pl\/wordpress\/deklaracja-dostepnosci-dla-wordpress\/\" data-version=\"1.26.0\" >Deklaracja Dost\u0119pno\u015bci <span class=\"screen-reader-text\">strona wtyczki<\/span><\/a> v 2.0<\/div>\n\n    <\/div>\n\n    ","protected":false},"excerpt":{"rendered":"","protected":false},"author":1,"featured_media":0,"parent":0,"menu_order":0,"comment_status":"closed","ping_status":"closed","template":"","meta":{"footnotes":""},"class_list":["post-106","page","type-page","status-publish","hentry"],"_links":{"self":[{"href":"https:\/\/plac.swierklaniec.pl\/index.php\/wp-json\/wp\/v2\/pages\/106","targetHints":{"allow":["GET"]}}],"collection":[{"href":"https:\/\/plac.swierklaniec.pl\/index.php\/wp-json\/wp\/v2\/pages"}],"about":[{"href":"https:\/\/plac.swierklaniec.pl\/index.php\/wp-json\/wp\/v2\/types\/page"}],"author":[{"embeddable":true,"href":"https:\/\/plac.swierklaniec.pl\/index.php\/wp-json\/wp\/v2\/users\/1"}],"replies":[{"embeddable":true,"href":"https:\/\/plac.swierklaniec.pl\/index.php\/wp-json\/wp\/v2\/comments?post=106"}],"version-history":[{"count":9,"href":"https:\/\/plac.swierklaniec.pl\/index.php\/wp-json\/wp\/v2\/pages\/106\/revisions"}],"predecessor-version":[{"id":126,"href":"https:\/\/plac.swierklaniec.pl\/index.php\/wp-json\/wp\/v2\/pages\/106\/revisions\/126"}],"wp:attachment":[{"href":"https:\/\/plac.swierklaniec.pl\/index.php\/wp-json\/wp\/v2\/media?parent=106"}],"curies":[{"name":"wp","href":"https:\/\/api.w.org\/{rel}","templated":true}]}}