{"id":15,"date":"2024-05-16T09:57:05","date_gmt":"2024-05-16T07:57:05","guid":{"rendered":"https:\/\/plac.swierklaniec.pl\/?page_id=15"},"modified":"2024-09-05T13:14:01","modified_gmt":"2024-09-05T11:14:01","slug":"palac-kawalera","status":"publish","type":"page","link":"https:\/\/plac.swierklaniec.pl\/index.php\/palac-kawalera\/","title":{"rendered":"Pa\u0142ac Kawalera"},"content":{"rendered":"\n<div class=\"wp-block-group alignfull has-accent-background-color has-background has-global-padding is-layout-constrained wp-container-core-group-is-layout-669513ed wp-block-group-is-layout-constrained\" style=\"margin-top:0;margin-bottom:0;padding-top:var(--wp--preset--spacing--50);padding-right:var(--wp--preset--spacing--50);padding-bottom:var(--wp--preset--spacing--50);padding-left:var(--wp--preset--spacing--50)\">\n<div class=\"wp-block-columns alignwide is-layout-flex wp-container-core-columns-is-layout-1da03c2a wp-block-columns-is-layout-flex\">\n<div class=\"wp-block-column is-vertically-aligned-stretch is-layout-flow wp-block-column-is-layout-flow\" style=\"flex-basis:50%\">\n<div class=\"wp-block-group is-vertical is-content-justification-stretch is-layout-flex wp-container-core-group-is-layout-444d5ee8 wp-block-group-is-layout-flex\" style=\"min-height:100%\">\n<p class=\"has-heading-font-family has-x-large-font-size\" style=\"line-height:1.2\">Kavalierhaus czyli Dom Kawaler\u00f3w<\/p>\n\n\n\n<div class=\"wp-block-group has-global-padding is-content-justification-left is-layout-constrained wp-container-core-group-is-layout-9fe8ed88 wp-block-group-is-layout-constrained\">\n<p class=\"wp-container-content-0733e5d0\">Arystokraci, kt\u00f3rzy przybywali do \u015awierkla\u0144ca na zaproszenie Guido von Donnersmarcka sp\u0119dzali w nim czas. Pono\u0107 zosta\u0142 wybudowany dla \u015bwity samego cesarza Wilhelma II.<\/p>\n<\/div>\n<\/div>\n<\/div>\n\n\n\n<div class=\"wp-block-column is-vertically-aligned-center is-layout-flow wp-block-column-is-layout-flow\" style=\"flex-basis:50%\">\n<figure class=\"wp-block-gallery has-nested-images columns-default is-cropped wp-block-gallery-1 is-layout-flex wp-block-gallery-is-layout-flex\">\n<figure class=\"wp-block-image size-large\"><img loading=\"lazy\" decoding=\"async\" width=\"1024\" height=\"664\" data-id=\"16\" src=\"https:\/\/plac.swierklaniec.pl\/wp-content\/uploads\/2024\/05\/5-4-2009_007-2-1024x664.jpg\" alt=\"\" class=\"wp-image-16\" srcset=\"https:\/\/plac.swierklaniec.pl\/wp-content\/uploads\/2024\/05\/5-4-2009_007-2-1024x664.jpg 1024w, https:\/\/plac.swierklaniec.pl\/wp-content\/uploads\/2024\/05\/5-4-2009_007-2-300x194.jpg 300w, https:\/\/plac.swierklaniec.pl\/wp-content\/uploads\/2024\/05\/5-4-2009_007-2-768x498.jpg 768w, https:\/\/plac.swierklaniec.pl\/wp-content\/uploads\/2024\/05\/5-4-2009_007-2-1536x996.jpg 1536w, https:\/\/plac.swierklaniec.pl\/wp-content\/uploads\/2024\/05\/5-4-2009_007-2-2048x1327.jpg 2048w\" sizes=\"auto, (max-width: 1024px) 100vw, 1024px\" \/><\/figure>\n<\/figure>\n<\/div>\n<\/div>\n<\/div>\n","protected":false},"excerpt":{"rendered":"<p>Kavalierhaus czyli Dom Kawaler\u00f3w Arystokraci, kt\u00f3rzy przybywali do \u015awierkla\u0144ca na zaproszenie Guido von Donnersmarcka sp\u0119dzali w nim czas. Pono\u0107 zosta\u0142 wybudowany dla \u015bwity samego cesarza Wilhelma II.<\/p>\n","protected":false},"author":2,"featured_media":0,"parent":0,"menu_order":0,"comment_status":"closed","ping_status":"closed","template":"","meta":{"footnotes":""},"class_list":["post-15","page","type-page","status-publish","hentry"],"_links":{"self":[{"href":"https:\/\/plac.swierklaniec.pl\/index.php\/wp-json\/wp\/v2\/pages\/15","targetHints":{"allow":["GET"]}}],"collection":[{"href":"https:\/\/plac.swierklaniec.pl\/index.php\/wp-json\/wp\/v2\/pages"}],"about":[{"href":"https:\/\/plac.swierklaniec.pl\/index.php\/wp-json\/wp\/v2\/types\/page"}],"author":[{"embeddable":true,"href":"https:\/\/plac.swierklaniec.pl\/index.php\/wp-json\/wp\/v2\/users\/2"}],"replies":[{"embeddable":true,"href":"https:\/\/plac.swierklaniec.pl\/index.php\/wp-json\/wp\/v2\/comments?post=15"}],"version-history":[{"count":4,"href":"https:\/\/plac.swierklaniec.pl\/index.php\/wp-json\/wp\/v2\/pages\/15\/revisions"}],"predecessor-version":[{"id":81,"href":"https:\/\/plac.swierklaniec.pl\/index.php\/wp-json\/wp\/v2\/pages\/15\/revisions\/81"}],"wp:attachment":[{"href":"https:\/\/plac.swierklaniec.pl\/index.php\/wp-json\/wp\/v2\/media?parent=15"}],"curies":[{"name":"wp","href":"https:\/\/api.w.org\/{rel}","templated":true}]}}