{"id":19,"date":"2024-05-16T09:57:54","date_gmt":"2024-05-16T07:57:54","guid":{"rendered":"https:\/\/plac.swierklaniec.pl\/?page_id=19"},"modified":"2024-09-05T11:58:05","modified_gmt":"2024-09-05T09:58:05","slug":"stary-zamek","status":"publish","type":"page","link":"https:\/\/plac.swierklaniec.pl\/index.php\/stary-zamek\/","title":{"rendered":"Stary zamek"},"content":{"rendered":"\n<div class=\"wp-block-group alignfull has-accent-4-background-color has-background is-vertical is-content-justification-center is-nowrap is-layout-flex wp-container-core-group-is-layout-2215816d wp-block-group-is-layout-flex\" style=\"min-height:100vh;margin-top:0;margin-bottom:0;padding-top:var(--wp--preset--spacing--50);padding-right:var(--wp--preset--spacing--50);padding-bottom:var(--wp--preset--spacing--50);padding-left:var(--wp--preset--spacing--50)\">\n<div class=\"wp-block-columns alignwide are-vertically-aligned-center is-layout-flex wp-container-core-columns-is-layout-47c06fe3 wp-block-columns-is-layout-flex\">\n<div class=\"wp-block-column is-vertically-aligned-center is-layout-flow wp-block-column-is-layout-flow\" style=\"flex-basis:40%\">\n<div class=\"wp-block-group is-layout-flow wp-container-core-group-is-layout-8f7ed23f wp-block-group-is-layout-flow\" style=\"min-height:100%;margin-top:0;margin-bottom:0;padding-right:0;padding-left:0\">\n<h1 class=\"wp-block-heading has-text-align-left\" style=\"margin-right:0;margin-left:calc( var(--wp--preset--spacing--20) * -1);font-size:clamp(1.301rem, 1.301rem + ((1vw - 0.2rem) * 1.332), 2.1rem);line-height:1;writing-mode:vertical-rl\">JAK ZAMEK STA\u0141 SI\u0118 RUIN\u0104<\/h1>\n\n\n\n<div class=\"wp-block-group has-global-padding is-content-justification-left is-layout-constrained wp-container-core-group-is-layout-0207514c wp-block-group-is-layout-constrained\" style=\"padding-right:0;padding-left:0\">\n<p class=\"wp-container-content-0733e5d0\">Stary zamek w \u015awierkla\u0144cu zosta\u0142 wybudowany przypuszczalnie w XIV wieku przez Piast\u00f3w na otoczonej wod\u0105 wyspie na planie owalnym, z dziedzi\u0144cem oraz wie\u017c\u0105. Przebudowywany w XVII wieku w stylu barokowym i rozbudowany o skrzyd\u0142a pa\u0142acowe w XIX wieku w stylu neogotyckim.<br>W 1945 roku zamek zosta\u0142 rozgrabiony i zniszczony w 65\u201370%. Ruiny w 1957 roku Wojew\u00f3dzki Konserwator Zabytk\u00f3w wpisa\u0142 do rejestru zabytk\u00f3w. W 1960 roku podj\u0119to decyzj\u0119 o rozbi\u00f3rce spalonych w czasie wojny cz\u0119\u015bci XIX-wiecznych (nie uznawanych \u00f3wcze\u015bnie za cenne) i odrestaurowanie ods\u0142oni\u0119tych w ten spos\u00f3b mur\u00f3w z okresu \u015bredniowiecza. 20 grudnia 1961 roku Ministerstwo Kultury i Sztuki wyda\u0142o decyzj\u0119 nakazuj\u0105c\u0105 odbudow\u0119 zamku. Pomimo tego Prezydium Powiatowej Rady Narodowej w Tarnowskich G\u00f3rach zleci\u0142o ZGKiM w \u015awierkla\u0144cu rozbi\u00f3rk\u0119 ruin zamku, co nast\u0105pi\u0142o poprzez wysadzenie go przez wydelegowanych do tego g\u00f3rnik\u00f3w we wrze\u015bniu 1962 roku.<\/p>\n<\/div>\n<\/div>\n<\/div>\n\n\n\n<div class=\"wp-block-column is-vertically-aligned-top is-layout-flow wp-block-column-is-layout-flow\" style=\"flex-basis:60%\">\n<figure class=\"wp-block-image size-large is-resized is-style-rounded is-style-rounded--1\"><img loading=\"lazy\" decoding=\"async\" width=\"1024\" height=\"927\" src=\"https:\/\/plac.swierklaniec.pl\/wp-content\/uploads\/2024\/05\/4-15-2009_126-1-1024x927.jpg\" alt=\"\" class=\"wp-image-38\" style=\"width:791px;height:auto\" srcset=\"https:\/\/plac.swierklaniec.pl\/wp-content\/uploads\/2024\/05\/4-15-2009_126-1-1024x927.jpg 1024w, https:\/\/plac.swierklaniec.pl\/wp-content\/uploads\/2024\/05\/4-15-2009_126-1-300x272.jpg 300w, https:\/\/plac.swierklaniec.pl\/wp-content\/uploads\/2024\/05\/4-15-2009_126-1-768x695.jpg 768w, https:\/\/plac.swierklaniec.pl\/wp-content\/uploads\/2024\/05\/4-15-2009_126-1-1536x1390.jpg 1536w, https:\/\/plac.swierklaniec.pl\/wp-content\/uploads\/2024\/05\/4-15-2009_126-1.jpg 1664w\" sizes=\"auto, (max-width: 1024px) 100vw, 1024px\" \/><\/figure>\n<\/div>\n<\/div>\n<\/div>\n","protected":false},"excerpt":{"rendered":"<p>JAK ZAMEK STA\u0141 SI\u0118 RUIN\u0104 Stary zamek w \u015awierkla\u0144cu zosta\u0142 wybudowany przypuszczalnie w XIV wieku przez Piast\u00f3w na otoczonej wod\u0105 wyspie na planie owalnym, z dziedzi\u0144cem oraz wie\u017c\u0105. Przebudowywany w XVII wieku w stylu barokowym i rozbudowany o skrzyd\u0142a pa\u0142acowe w XIX wieku w stylu neogotyckim.W 1945 roku zamek zosta\u0142 rozgrabiony i zniszczony w 65\u201370%. [&hellip;]<\/p>\n","protected":false},"author":2,"featured_media":0,"parent":0,"menu_order":0,"comment_status":"closed","ping_status":"closed","template":"","meta":{"footnotes":""},"class_list":["post-19","page","type-page","status-publish","hentry"],"_links":{"self":[{"href":"https:\/\/plac.swierklaniec.pl\/index.php\/wp-json\/wp\/v2\/pages\/19","targetHints":{"allow":["GET"]}}],"collection":[{"href":"https:\/\/plac.swierklaniec.pl\/index.php\/wp-json\/wp\/v2\/pages"}],"about":[{"href":"https:\/\/plac.swierklaniec.pl\/index.php\/wp-json\/wp\/v2\/types\/page"}],"author":[{"embeddable":true,"href":"https:\/\/plac.swierklaniec.pl\/index.php\/wp-json\/wp\/v2\/users\/2"}],"replies":[{"embeddable":true,"href":"https:\/\/plac.swierklaniec.pl\/index.php\/wp-json\/wp\/v2\/comments?post=19"}],"version-history":[{"count":3,"href":"https:\/\/plac.swierklaniec.pl\/index.php\/wp-json\/wp\/v2\/pages\/19\/revisions"}],"predecessor-version":[{"id":48,"href":"https:\/\/plac.swierklaniec.pl\/index.php\/wp-json\/wp\/v2\/pages\/19\/revisions\/48"}],"wp:attachment":[{"href":"https:\/\/plac.swierklaniec.pl\/index.php\/wp-json\/wp\/v2\/media?parent=19"}],"curies":[{"name":"wp","href":"https:\/\/api.w.org\/{rel}","templated":true}]}}