{"id":2,"date":"2024-05-15T14:59:57","date_gmt":"2024-05-15T12:59:57","guid":{"rendered":"https:\/\/plac.swierklaniec.pl\/?page_id=2"},"modified":"2024-09-05T12:00:16","modified_gmt":"2024-09-05T10:00:16","slug":"park","status":"publish","type":"page","link":"https:\/\/plac.swierklaniec.pl\/index.php\/park\/","title":{"rendered":"Zabytkowy Park w \u015awierkla\u0144cu"},"content":{"rendered":"\n<p>Park w \u015awierkla\u0144cu jest jedn\u0105 z pere\u0142ek pozostawionych potomnym przez rodzin\u0119 Henckel von Donnersmarck. Kiedy\u015b by\u0142 otoczeniem wielkiego pa\u0142acu, kt\u00f3ry ju\u017c dzisiaj nie istnieje, a nazywany by\u0142 Ma\u0142ym Wersalem lub Wersalem P\u00f3\u0142nocy. Pa\u0142ac zosta\u0142 zniszczony, a p\u00f3\u017aniej ca\u0142kowicie rozebrany w latach 60. XX wieku.<br><\/p>\n\n\n\n<blockquote class=\"wp-block-quote is-layout-flow wp-block-quote-is-layout-flow\">\n<p>Do dzi\u015b na terenie Parku pozosta\u0142y liczne obiekty zabytkowe takie jak Pa\u0142ac Kawalera, ko\u015bci\u00f3\u0142 parkowy z rodzinnym grobowcem Donnersmarck\u00f3w, ruiny starego zamku czy budynek, kt\u00f3ry by\u0142 kiedy\u015b biogazowni\u0105.<\/p>\n<\/blockquote>\n\n\n\n<p><\/p>\n","protected":false},"excerpt":{"rendered":"<p>Park w \u015awierkla\u0144cu jest jedn\u0105 z pere\u0142ek pozostawionych potomnym przez rodzin\u0119 Henckel von Donnersmarck. Kiedy\u015b by\u0142 otoczeniem wielkiego pa\u0142acu, kt\u00f3ry ju\u017c dzisiaj nie istnieje, a nazywany by\u0142 Ma\u0142ym Wersalem lub Wersalem P\u00f3\u0142nocy. Pa\u0142ac zosta\u0142 zniszczony, a p\u00f3\u017aniej ca\u0142kowicie rozebrany w latach 60. XX wieku. Do dzi\u015b na terenie Parku pozosta\u0142y liczne obiekty zabytkowe takie jak [&hellip;]<\/p>\n","protected":false},"author":1,"featured_media":0,"parent":0,"menu_order":0,"comment_status":"closed","ping_status":"closed","template":"","meta":{"footnotes":""},"class_list":["post-2","page","type-page","status-publish","hentry"],"_links":{"self":[{"href":"https:\/\/plac.swierklaniec.pl\/index.php\/wp-json\/wp\/v2\/pages\/2","targetHints":{"allow":["GET"]}}],"collection":[{"href":"https:\/\/plac.swierklaniec.pl\/index.php\/wp-json\/wp\/v2\/pages"}],"about":[{"href":"https:\/\/plac.swierklaniec.pl\/index.php\/wp-json\/wp\/v2\/types\/page"}],"author":[{"embeddable":true,"href":"https:\/\/plac.swierklaniec.pl\/index.php\/wp-json\/wp\/v2\/users\/1"}],"replies":[{"embeddable":true,"href":"https:\/\/plac.swierklaniec.pl\/index.php\/wp-json\/wp\/v2\/comments?post=2"}],"version-history":[{"count":3,"href":"https:\/\/plac.swierklaniec.pl\/index.php\/wp-json\/wp\/v2\/pages\/2\/revisions"}],"predecessor-version":[{"id":79,"href":"https:\/\/plac.swierklaniec.pl\/index.php\/wp-json\/wp\/v2\/pages\/2\/revisions\/79"}],"wp:attachment":[{"href":"https:\/\/plac.swierklaniec.pl\/index.php\/wp-json\/wp\/v2\/media?parent=2"}],"curies":[{"name":"wp","href":"https:\/\/api.w.org\/{rel}","templated":true}]}}