{"id":55,"date":"2024-06-27T15:17:46","date_gmt":"2024-06-27T13:17:46","guid":{"rendered":"https:\/\/plac.swierklaniec.pl\/?page_id=55"},"modified":"2024-09-05T11:58:55","modified_gmt":"2024-09-05T09:58:55","slug":"amfiteatr","status":"publish","type":"page","link":"https:\/\/plac.swierklaniec.pl\/index.php\/amfiteatr\/","title":{"rendered":"Amfiteatr w parku"},"content":{"rendered":"\n<p>Amfiteatr na terenie \u015bwierklanieckiego parku to pawilon koncertowy, kt\u00f3ry zosta\u0142 poddany rewitalizacji w 2015 roku. Wzniesiony na pocz\u0105tku XX wieku, jest fragmentem dawnej muszli koncertowej. Obecnie w okresie letnim s\u0142u\u017cy do organizacji licznych koncert\u00f3w.<\/p>\n\n\n\n<p><\/p>\n","protected":false},"excerpt":{"rendered":"<p>Amfiteatr na terenie \u015bwierklanieckiego parku to pawilon koncertowy, kt\u00f3ry zosta\u0142 poddany rewitalizacji w 2015 roku. Wzniesiony na pocz\u0105tku XX wieku, jest fragmentem dawnej muszli koncertowej. Obecnie w okresie letnim s\u0142u\u017cy do organizacji licznych koncert\u00f3w.<\/p>\n","protected":false},"author":2,"featured_media":0,"parent":0,"menu_order":0,"comment_status":"closed","ping_status":"closed","template":"","meta":{"footnotes":""},"class_list":["post-55","page","type-page","status-publish","hentry"],"_links":{"self":[{"href":"https:\/\/plac.swierklaniec.pl\/index.php\/wp-json\/wp\/v2\/pages\/55","targetHints":{"allow":["GET"]}}],"collection":[{"href":"https:\/\/plac.swierklaniec.pl\/index.php\/wp-json\/wp\/v2\/pages"}],"about":[{"href":"https:\/\/plac.swierklaniec.pl\/index.php\/wp-json\/wp\/v2\/types\/page"}],"author":[{"embeddable":true,"href":"https:\/\/plac.swierklaniec.pl\/index.php\/wp-json\/wp\/v2\/users\/2"}],"replies":[{"embeddable":true,"href":"https:\/\/plac.swierklaniec.pl\/index.php\/wp-json\/wp\/v2\/comments?post=55"}],"version-history":[{"count":3,"href":"https:\/\/plac.swierklaniec.pl\/index.php\/wp-json\/wp\/v2\/pages\/55\/revisions"}],"predecessor-version":[{"id":76,"href":"https:\/\/plac.swierklaniec.pl\/index.php\/wp-json\/wp\/v2\/pages\/55\/revisions\/76"}],"wp:attachment":[{"href":"https:\/\/plac.swierklaniec.pl\/index.php\/wp-json\/wp\/v2\/media?parent=55"}],"curies":[{"name":"wp","href":"https:\/\/api.w.org\/{rel}","templated":true}]}}