{"id":83,"date":"2024-10-08T13:18:41","date_gmt":"2024-10-08T11:18:41","guid":{"rendered":"https:\/\/plac.swierklaniec.pl\/?page_id=83"},"modified":"2024-10-08T13:25:53","modified_gmt":"2024-10-08T11:25:53","slug":"symbole-na-placu-zabaw","status":"publish","type":"page","link":"https:\/\/plac.swierklaniec.pl\/index.php\/symbole-na-placu-zabaw\/","title":{"rendered":"Symbole na placu zabaw"},"content":{"rendered":"\n<div class=\"wp-block-group alignwide has-global-padding is-layout-constrained wp-block-group-is-layout-constrained\">\n<h1 class=\"wp-block-heading alignwide has-xx-large-font-size\" style=\"line-height:1.2\">Szukaj symboli przy kt\u00f3rych umieszczono kod QR. Dzi\u0119ki temu dowiesz si\u0119 co oznacza dany symbol!<\/h1>\n<\/div>\n\n\n\n<div class=\"wp-block-group alignfull has-global-padding is-layout-constrained wp-container-core-group-is-layout-0747478d wp-block-group-is-layout-constrained\" style=\"padding-top:var(--wp--preset--spacing--50);padding-right:var(--wp--preset--spacing--50);padding-bottom:var(--wp--preset--spacing--50);padding-left:var(--wp--preset--spacing--50)\">\n<div class=\"wp-block-columns alignwide is-layout-flex wp-container-core-columns-is-layout-ff4b9c61 wp-block-columns-is-layout-flex\" style=\"margin-top:0;margin-bottom:0\">\n<div class=\"wp-block-column is-layout-flow wp-container-core-column-is-layout-8736a895 wp-block-column-is-layout-flow\" style=\"padding-top:0\">\n<p>Symbol dw\u00f3ch obr\u0105czek z koron\u0105 to symbol \u015blubny hrabiego Guido Henckel von Donnersmarcka z markiz\u0105 Blank\u0105 de Paiva. Jego replika znajduje si\u0119 w Sali restauracyjnej w Pa\u0142acu Kawalera.<br>Ich ma\u0142\u017ce\u0144stwo zako\u0144czy\u0142o si\u0119 gwa\u0142townie. Blanka zgin\u0119\u0142a podczas konnej przeja\u017cd\u017cki po tutejszym parku.<\/p>\n\n\n\n<p><\/p>\n<\/div>\n<\/div>\n\n\n\n<figure class=\"wp-block-gallery has-nested-images columns-default is-cropped wp-block-gallery-1 is-layout-flex wp-block-gallery-is-layout-flex\">\n<figure class=\"wp-block-image size-large\"><img loading=\"lazy\" decoding=\"async\" width=\"591\" height=\"591\" data-id=\"90\" src=\"https:\/\/plac.swierklaniec.pl\/wp-content\/uploads\/2024\/10\/obraczki-4.jpg\" alt=\"\" class=\"wp-image-90\" srcset=\"https:\/\/plac.swierklaniec.pl\/wp-content\/uploads\/2024\/10\/obraczki-4.jpg 591w, https:\/\/plac.swierklaniec.pl\/wp-content\/uploads\/2024\/10\/obraczki-4-300x300.jpg 300w, https:\/\/plac.swierklaniec.pl\/wp-content\/uploads\/2024\/10\/obraczki-4-150x150.jpg 150w\" sizes=\"auto, (max-width: 591px) 100vw, 591px\" \/><\/figure>\n<\/figure>\n<\/div>\n\n\n\n<p><\/p>\n\n\n\n<div class=\"wp-block-group alignfull has-global-padding is-layout-constrained wp-container-core-group-is-layout-0747478d wp-block-group-is-layout-constrained\" style=\"padding-top:var(--wp--preset--spacing--50);padding-right:var(--wp--preset--spacing--50);padding-bottom:var(--wp--preset--spacing--50);padding-left:var(--wp--preset--spacing--50)\">\n<p>Ko\u0144 (wierzchowiec) to symbol wspania\u0142ej hodowli koni, kt\u00f3ra znajdowa\u0142a na terenie \u015awierkla\u0144ca. By\u0142y tu jedne z najlepszych, najszlachetniejszych i najszybszych koni w Europie. Warto\u015b\u0107 hodowli by\u0142a wy\u017csza ni\u017c koszt budowy Pa\u0142acu Kawalera.<\/p>\n\n\n\n<figure class=\"wp-block-image size-full\"><img loading=\"lazy\" decoding=\"async\" width=\"591\" height=\"591\" src=\"https:\/\/plac.swierklaniec.pl\/wp-content\/uploads\/2024\/10\/kon.jpg\" alt=\"\" class=\"wp-image-95\" srcset=\"https:\/\/plac.swierklaniec.pl\/wp-content\/uploads\/2024\/10\/kon.jpg 591w, https:\/\/plac.swierklaniec.pl\/wp-content\/uploads\/2024\/10\/kon-300x300.jpg 300w, https:\/\/plac.swierklaniec.pl\/wp-content\/uploads\/2024\/10\/kon-150x150.jpg 150w\" sizes=\"auto, (max-width: 591px) 100vw, 591px\" \/><\/figure>\n<\/div>\n\n\n\n<p><\/p>\n\n\n\n<p><\/p>\n\n\n\n<p>Chimera (hybryda) to kolejny symbol, kt\u00f3ry mo\u017cna znale\u017a\u0107 na terenie parku (element masztu przy stawie). Wizerunek stworzenia, kt\u00f3re \u0142\u0105czy lwa z or\u0142em znany z mitologii greckiej.<\/p>\n\n\n\n<figure class=\"wp-block-gallery has-nested-images columns-default is-cropped wp-block-gallery-2 is-layout-flex wp-block-gallery-is-layout-flex\">\n<figure class=\"wp-block-image size-large\"><img loading=\"lazy\" decoding=\"async\" width=\"591\" height=\"591\" data-id=\"96\" src=\"https:\/\/plac.swierklaniec.pl\/wp-content\/uploads\/2024\/10\/chimera.jpg\" alt=\"\" class=\"wp-image-96\" srcset=\"https:\/\/plac.swierklaniec.pl\/wp-content\/uploads\/2024\/10\/chimera.jpg 591w, https:\/\/plac.swierklaniec.pl\/wp-content\/uploads\/2024\/10\/chimera-300x300.jpg 300w, https:\/\/plac.swierklaniec.pl\/wp-content\/uploads\/2024\/10\/chimera-150x150.jpg 150w\" sizes=\"auto, (max-width: 591px) 100vw, 591px\" \/><\/figure>\n<\/figure>\n\n\n\n<p><\/p>\n\n\n\n<p><\/p>\n\n\n\n<p>Cylinder to symbol nieodzownego elementy garderoby ja\u015bnie Pana. Guido von Donnersmarck by\u0142 wysokim m\u0119\u017cczyzn\u0105, a dzi\u0119ki temu, \u017ce nosi\u0142 wysoki cylinder jeszcze bardziej g\u00f3rowa\u0142 nad innymi. Dawa\u0142o mu to przewag\u0119 psychologiczn\u0105, bardzo potrzebn\u0105 podczas twardych negocjacji, kt\u00f3re przeprowadza\u0142.<\/p>\n\n\n\n<figure class=\"wp-block-image size-full\"><img loading=\"lazy\" decoding=\"async\" width=\"591\" height=\"591\" src=\"https:\/\/plac.swierklaniec.pl\/wp-content\/uploads\/2024\/10\/cylinder.jpg\" alt=\"\" class=\"wp-image-97\" srcset=\"https:\/\/plac.swierklaniec.pl\/wp-content\/uploads\/2024\/10\/cylinder.jpg 591w, https:\/\/plac.swierklaniec.pl\/wp-content\/uploads\/2024\/10\/cylinder-300x300.jpg 300w, https:\/\/plac.swierklaniec.pl\/wp-content\/uploads\/2024\/10\/cylinder-150x150.jpg 150w\" sizes=\"auto, (max-width: 591px) 100vw, 591px\" \/><\/figure>\n\n\n\n<p><\/p>\n\n\n\n<p><\/p>\n\n\n\n<p><\/p>\n\n\n\n<p><\/p>\n\n\n\n<p>Hart \u2013 pies my\u015bliwski. Jego wizerunek tak\u017ce mo\u017cna znale\u017a\u0107 na terenie parku. Poszukaj gdzie. Nie b\u0119dzie to proste!<\/p>\n\n\n\n<figure class=\"wp-block-gallery has-nested-images columns-default is-cropped wp-block-gallery-3 is-layout-flex wp-block-gallery-is-layout-flex\">\n<figure class=\"wp-block-image size-large\"><img loading=\"lazy\" decoding=\"async\" width=\"591\" height=\"591\" data-id=\"98\" src=\"https:\/\/plac.swierklaniec.pl\/wp-content\/uploads\/2024\/10\/pies.jpg\" alt=\"\" class=\"wp-image-98\" srcset=\"https:\/\/plac.swierklaniec.pl\/wp-content\/uploads\/2024\/10\/pies.jpg 591w, https:\/\/plac.swierklaniec.pl\/wp-content\/uploads\/2024\/10\/pies-300x300.jpg 300w, https:\/\/plac.swierklaniec.pl\/wp-content\/uploads\/2024\/10\/pies-150x150.jpg 150w\" sizes=\"auto, (max-width: 591px) 100vw, 591px\" \/><\/figure>\n<\/figure>\n\n\n\n<p><\/p>\n\n\n\n<p><\/p>\n\n\n\n<p>M\u0142otki g\u00f3rnicze (pyrlik i \u017celozko) \u2013 symbol bogactwa rodziny Donnersmarck\u00f3w; nowoczesne kopalnie przyczyni\u0142y si\u0119 do pomna\u017cania maj\u0105tku. Jest to tez symbol cz\u0119sto spotykany na \u015bl\u0105sku, bo przecie\u017c \u015bl\u0105sk kopalniami stoi.<\/p>\n\n\n\n<figure class=\"wp-block-image size-full\"><img loading=\"lazy\" decoding=\"async\" width=\"591\" height=\"591\" src=\"https:\/\/plac.swierklaniec.pl\/wp-content\/uploads\/2024\/10\/mlotki.jpg\" alt=\"\" class=\"wp-image-99\" srcset=\"https:\/\/plac.swierklaniec.pl\/wp-content\/uploads\/2024\/10\/mlotki.jpg 591w, https:\/\/plac.swierklaniec.pl\/wp-content\/uploads\/2024\/10\/mlotki-300x300.jpg 300w, https:\/\/plac.swierklaniec.pl\/wp-content\/uploads\/2024\/10\/mlotki-150x150.jpg 150w\" sizes=\"auto, (max-width: 591px) 100vw, 591px\" \/><\/figure>\n\n\n\n<p><\/p>\n\n\n\n<p><\/p>\n\n\n\n<p><\/p>\n\n\n\n<p><\/p>\n\n\n\n<p>Herb rodowy Donnersmarck\u00f3w, w\u0142a\u015bcicieli zamku (od XVII wieku) i pa\u0142ac\u00f3w w \u015awierkla\u0144cu. Znany scenarzysta i re\u017cyser filmowy Florian Henckel von Donnersmarck jest potomkiem nakielsko-ramu\u0142towickiej linii \u015bl\u0105skiego rodu hrabi\u00f3w Donnersmarck.<\/p>\n\n\n\n<figure class=\"wp-block-gallery has-nested-images columns-default is-cropped wp-block-gallery-4 is-layout-flex wp-block-gallery-is-layout-flex\">\n<figure class=\"wp-block-image size-large\"><img loading=\"lazy\" decoding=\"async\" width=\"591\" height=\"591\" data-id=\"100\" src=\"https:\/\/plac.swierklaniec.pl\/wp-content\/uploads\/2024\/10\/herb.jpg\" alt=\"\" class=\"wp-image-100\" srcset=\"https:\/\/plac.swierklaniec.pl\/wp-content\/uploads\/2024\/10\/herb.jpg 591w, https:\/\/plac.swierklaniec.pl\/wp-content\/uploads\/2024\/10\/herb-300x300.jpg 300w, https:\/\/plac.swierklaniec.pl\/wp-content\/uploads\/2024\/10\/herb-150x150.jpg 150w\" sizes=\"auto, (max-width: 591px) 100vw, 591px\" \/><\/figure>\n<\/figure>\n","protected":false},"excerpt":{"rendered":"<p>Szukaj symboli przy kt\u00f3rych umieszczono kod QR. Dzi\u0119ki temu dowiesz si\u0119 co oznacza dany symbol! Symbol dw\u00f3ch obr\u0105czek z koron\u0105 to symbol \u015blubny hrabiego Guido Henckel von Donnersmarcka z markiz\u0105 Blank\u0105 de Paiva. Jego replika znajduje si\u0119 w Sali restauracyjnej w Pa\u0142acu Kawalera.Ich ma\u0142\u017ce\u0144stwo zako\u0144czy\u0142o si\u0119 gwa\u0142townie. Blanka zgin\u0119\u0142a podczas konnej przeja\u017cd\u017cki po tutejszym parku. [&hellip;]<\/p>\n","protected":false},"author":2,"featured_media":0,"parent":0,"menu_order":0,"comment_status":"closed","ping_status":"closed","template":"","meta":{"footnotes":""},"class_list":["post-83","page","type-page","status-publish","hentry"],"_links":{"self":[{"href":"https:\/\/plac.swierklaniec.pl\/index.php\/wp-json\/wp\/v2\/pages\/83","targetHints":{"allow":["GET"]}}],"collection":[{"href":"https:\/\/plac.swierklaniec.pl\/index.php\/wp-json\/wp\/v2\/pages"}],"about":[{"href":"https:\/\/plac.swierklaniec.pl\/index.php\/wp-json\/wp\/v2\/types\/page"}],"author":[{"embeddable":true,"href":"https:\/\/plac.swierklaniec.pl\/index.php\/wp-json\/wp\/v2\/users\/2"}],"replies":[{"embeddable":true,"href":"https:\/\/plac.swierklaniec.pl\/index.php\/wp-json\/wp\/v2\/comments?post=83"}],"version-history":[{"count":5,"href":"https:\/\/plac.swierklaniec.pl\/index.php\/wp-json\/wp\/v2\/pages\/83\/revisions"}],"predecessor-version":[{"id":102,"href":"https:\/\/plac.swierklaniec.pl\/index.php\/wp-json\/wp\/v2\/pages\/83\/revisions\/102"}],"wp:attachment":[{"href":"https:\/\/plac.swierklaniec.pl\/index.php\/wp-json\/wp\/v2\/media?parent=83"}],"curies":[{"name":"wp","href":"https:\/\/api.w.org\/{rel}","templated":true}]}}